{"id":5267,"date":"2024-09-10T14:10:32","date_gmt":"2024-09-10T14:10:32","guid":{"rendered":"https:\/\/elite.salezeus.com\/?page_id=5267"},"modified":"2025-05-07T12:46:35","modified_gmt":"2025-05-07T12:46:35","slug":"terms-and-conditions","status":"publish","type":"page","link":"https:\/\/votree.net\/ar\/terms-and-conditions\/","title":{"rendered":"\u0627\u0644\u0634\u0631\u0648\u0637 \u0648\u0627\u0644\u0623\u062d\u0643\u0627\u0645"},"content":{"rendered":"<div data-elementor-type=\"wp-page\" data-elementor-id=\"5267\" class=\"elementor elementor-5267\" data-elementor-post-type=\"page\">\n\t\t\t\t<div class=\"elementor-element elementor-element-73e7a55 e-flex e-con-boxed e-con e-parent\" data-id=\"73e7a55\" data-element_type=\"container\">\n\t\t\t\t\t<div class=\"e-con-inner\">\n\t\t\t\t<div class=\"elementor-element elementor-element-648dca9 elementor-widget elementor-widget-text-editor\" data-id=\"648dca9\" data-element_type=\"widget\" data-widget_type=\"text-editor.default\">\n\t\t\t\t<div class=\"elementor-widget-container\">\n\t\t\t\t\t\t\t<h4><strong>\u0627\u0644\u0634\u0631\u0648\u0637 \u0648\u0627\u0644\u0623\u062d\u0643\u0627\u0645<\/strong><br \/>\u0622\u062e\u0631 \u062a\u062d\u062f\u064a\u062b: 21 \u0623\u0643\u062a\u0648\u0628\u0631 2024<\/h4><p>\u062a\u0646\u0638\u0645 \u0647\u0630\u0647 \u0627\u0644\u0634\u0631\u0648\u0637 \u062c\u0645\u064a\u0639 \u0645\u0633\u062a\u062e\u062f\u0645\u064a <a href=\"https:\/\/votree.net\/ar\/\">www.votree.net<\/a>. \u0633\u062a\u0643\u0648\u0646 \u0635\u0627\u0644\u062d\u0629 \u0644\u062c\u0645\u064a\u0639 \u0645\u0639\u0627\u0645\u0644\u0627\u062a\u0643 \u0627\u0644\u0645\u0633\u062a\u0642\u0628\u0644\u064a\u0629 \u0645\u0639 VOTREE \u0648\u0632\u064a\u0627\u0631\u0627\u062a\u0643 \u0625\u0644\u0649 <a href=\"https:\/\/votree.net\/ar\/\">www.votree.net<\/a>. \u062a\u0646\u0638\u0645 \u0647\u0630\u0647 \u0627\u0644\u0634\u0631\u0648\u0637 \u0645\u0628\u064a\u0639\u0627\u062a \u0627\u0644\u0639\u0637\u0648\u0631 \u0623\u0648 \u063a\u064a\u0631\u0647\u0627 \u0645\u0646 \u0627\u0644\u0645\u0646\u062a\u062c\u0627\u062a <a href=\"https:\/\/votree.net\/ar\/\">www.votree.net<\/a> \u0644\u0644\u0623\u0641\u0631\u0627\u062f. \u0647\u0630\u0627 \u0627\u0644\u0645\u0648\u0642\u0639 \u0645\u062e\u0635\u0635 \u062d\u0635\u0631\u064a\u064b\u0627 \u0644\u0644\u0623\u0641\u0631\u0627\u062f. \u0634\u0631\u0648\u0637 \u0627\u0644\u0645\u0628\u064a\u0639\u0627\u062a \u0627\u0644\u0645\u0630\u0643\u0648\u0631\u0629 \u0641\u064a\u0645\u0627 \u0628\u0639\u062f \u062a\u062a\u0639\u0644\u0642 \u0641\u0642\u0637 <a href=\"https:\/\/votree.net\/ar\/\">www.votree.net<\/a> \u0648\u0644\u0627 \u062a\u062a\u0639\u0644\u0642 \u0628\u0623\u064a\u0629 \u0634\u0631\u0648\u0637 \u0623\u062e\u0631\u0649 \u0643\u062a\u0644\u0643 \u0627\u0644\u0645\u0637\u0628\u0642\u0629 \u0641\u064a \u0627\u0644\u0645\u062a\u0627\u062c\u0631. \u062a\u062d\u062a\u0641\u0638 VOTREE \u0628\u0627\u0644\u062d\u0642 \u0641\u064a \u0645\u0631\u0627\u062c\u0639\u0629 \u0647\u0630\u0647 \u0627\u0644\u0634\u0631\u0648\u0637 \u0648\u0627\u0644\u0623\u062d\u0643\u0627\u0645. \u062a\u0627\u0631\u064a\u062e \u0622\u062e\u0631 \u062a\u062d\u062f\u064a\u062b \u0645\u0648\u062c\u0648\u062f \u0641\u064a \u0646\u0647\u0627\u064a\u0629 \u0627\u0644\u0634\u0631\u0648\u0637 \u0648\u0627\u0644\u0623\u062d\u0643\u0627\u0645. \u064a\u062a\u062d\u0645\u0644 \u0627\u0644\u0645\u0633\u062a\u062e\u062f\u0645\u0648\u0646 \u0645\u0633\u0624\u0648\u0644\u064a\u0629 \u0625\u0628\u0642\u0627\u0621 \u0623\u0646\u0641\u0633\u0647\u0645 \u0639\u0644\u0649 \u0627\u0637\u0644\u0627\u0639 \u062f\u0627\u0626\u0645 \u0628\u0647\u0630\u0647 \u0627\u0644\u062a\u063a\u064a\u064a\u0631\u0627\u062a.<\/p><p><strong>\u0625\u062e\u0644\u0627\u0621 \u0627\u0644\u0645\u0633\u0624\u0648\u0644\u064a\u0629<\/strong><\/p><p>\u0646\u062d\u0646 \u0644\u0627 \u0646\u0636\u0645\u0646 \u0623\u0646 \u062c\u0645\u064a\u0639 \u0627\u0644\u0639\u0646\u0627\u0635\u0631 \u0627\u0644\u0645\u062a\u0648\u0641\u0631\u0629 \u0641\u064a <a href=\"https:\/\/votree.net\/ar\/\">www.votree.net<\/a> \u0627\u0644\u0645\u062a\u062c\u0631 \u0639\u0628\u0631 \u0627\u0644\u0625\u0646\u062a\u0631\u0646\u062a \u0645\u062a\u0648\u0641\u0631 \u0641\u064a \u0627\u0644\u0645\u062e\u0632\u0648\u0646 \u0648\u0642\u062a \u0637\u0644\u0628\u0643. \u0641\u064a \u062d\u0627\u0644\u0629 \u0648\u062c\u0648\u062f \u0631\u0635\u064a\u062f \u0645\u062e\u0632\u0648\u0646 \u063a\u064a\u0631 \u0635\u062d\u064a\u062d \u064a\u0624\u062b\u0631 \u0639\u0644\u0649 \u0637\u0644\u0628\u0643\u060c \u0633\u0648\u0641 \u0646\u062a\u0635\u0644 \u0628\u0643 \u0639\u0628\u0631 \u0627\u0644\u0647\u0627\u062a\u0641 \u0623\u0648 \u0639\u0628\u0631 \u0627\u0644\u0628\u0631\u064a\u062f \u0627\u0644\u0625\u0644\u0643\u062a\u0631\u0648\u0646\u064a. \u0644\u0627 \u064a\u0645\u0643\u0646 \u0644\u0640 VOTREE \u0623\u0646 \u062a\u0636\u0645\u0646 \u0623\u0646 \u0645\u062d\u062a\u0648\u0649 <a href=\"https:\/\/votree.net\/ar\/\">www.votree.net<\/a> \u062e\u0627\u0644\u064a\u0629 \u062f\u0627\u0626\u0645\u064b\u0627 \u0645\u0646 \u0639\u062f\u0645 \u0627\u0644\u062f\u0642\u0629 \u0623\u0648 \u0627\u0644\u0623\u062e\u0637\u0627\u0621 \u0627\u0644\u0645\u0637\u0628\u0639\u064a\u0629. \u0648\u0644\u0627 \u064a\u0645\u0643\u0646\u0646\u0627 \u0623\u0646 \u0646\u0636\u0645\u0646 \u0623\u0646 \u062c\u0645\u064a\u0639 \u0627\u0644\u0645\u0639\u0644\u0648\u0645\u0627\u062a \u0645\u062d\u062f\u062b\u0629. \u064a\u062c\u0648\u0632 \u0644\u0634\u0631\u0643\u0629 VOTREE \u0641\u064a \u0623\u064a \u0648\u0642\u062a \u062a\u063a\u064a\u064a\u0631 \u0645\u062d\u062a\u0648\u0649 \u0627\u0644\u0645\u0648\u0642\u0639 \u0648\u0627\u0644\u0639\u0646\u0627\u0635\u0631 \u0627\u0644\u0645\u062a\u0648\u0641\u0631\u0629 \u0641\u064a \u0645\u062c\u0645\u0648\u0639\u0629 \u0627\u0644\u0645\u0646\u062a\u062c\u0627\u062a. \u0639\u0644\u0649 \u0627\u0644\u0631\u063a\u0645 \u0645\u0646 \u0623\u0646 VOTREE \u062a\u0633\u0639\u0649 \u062c\u0627\u0647\u062f\u0629 \u0644\u0639\u0631\u0636 \u0627\u0644\u0646\u0635\u0648\u0635 \u0648\u0627\u0644\u0635\u0648\u0631 \u0648\u0627\u0644\u0623\u0633\u0639\u0627\u0631 \u0627\u0644\u0635\u062d\u064a\u062d\u0629 \u062f\u0627\u0626\u0645\u064b\u0627 \u0641\u064a \u0627\u0644\u0645\u0648\u0642\u0639 \u0648\u0627\u0644\u0645\u062a\u062c\u0631 \u0627\u0644\u0625\u0644\u0643\u062a\u0631\u0648\u0646\u064a\u060c \u0641\u0642\u062f \u062a\u062d\u062f\u062b \u0623\u062e\u0637\u0627\u0621. \u0625\u0630\u0627 \u062a\u0645 \u062a\u062d\u0635\u064a\u0644 \u0645\u0628\u0644\u063a \u062e\u0627\u0637\u0626 \u0645\u0646\u0643 \u0639\u0646\u062f \u0627\u0644\u062a\u0633\u0648\u0642 \u0645\u0646 \u0627\u0644\u0645\u062a\u062c\u0631 \u0627\u0644\u0625\u0644\u0643\u062a\u0631\u0648\u0646\u064a\u060c \u0641\u0633\u0646\u0645\u0646\u062d\u0643 \u062e\u064a\u0627\u0631 \u062a\u0642\u062f\u064a\u0645 \u0637\u0644\u0628 \u062c\u062f\u064a\u062f \u0628\u0627\u0644\u0633\u0639\u0631 \u0627\u0644\u0635\u062d\u064a\u062d \u0623\u0648 \u0625\u0644\u063a\u0627\u0621 \u0637\u0644\u0628\u0643. \u0625\u0630\u0627 \u0644\u0645 \u0646\u062a\u0645\u0643\u0646 \u0645\u0646 \u0627\u0644\u0627\u062a\u0635\u0627\u0644 \u0628\u0643\u060c \u0641\u0633\u064a\u062a\u0645 \u0625\u0644\u063a\u0627\u0621 \u0637\u0644\u0628\u0643 \u062a\u0644\u0642\u0627\u0626\u064a\u064b\u0627. \u062c\u0632\u0621 \u0645\u0646 \u0627\u0644\u062e\u062f\u0645\u0627\u062a \u0628\u0648\u0633\u0627\u0637\u0629<br \/>\u062e\u0644\u0627\u0644 <a href=\"https:\/\/votree.net\/ar\/\">www.votree.net<\/a> \u064a\u062a\u0645 \u062a\u0646\u0641\u064a\u0630\u0647\u0627 \u0648\u0627\u0644\u0627\u0647\u062a\u0645\u0627\u0645 \u0628\u0647\u0627 \u0645\u0646 \u0642\u0628\u0644 \u0627\u0644\u0645\u0646\u0638\u0645\u0627\u062a \u0627\u0644\u062e\u0627\u0631\u062c\u064a\u0629. \u0641\u064a \u0627\u0644\u062d\u0627\u0644\u0627\u062a \u0627\u0644\u062a\u064a \u062a\u0639\u0645\u0644 \u0641\u064a\u0647\u0627 VOTREE \u0643\u0648\u0643\u064a\u0644 \u0644\u0645\u062b\u0644 \u0647\u0630\u0647 \u0627\u0644\u062e\u062f\u0645\u0627\u062a\u060c \u0644\u0627 \u064a\u0645\u0643\u0646\u0646\u0627 \u0623\u0646 \u0646\u062a\u062d\u0645\u0644 \u0627\u0644\u0645\u0633\u0624\u0648\u0644\u064a\u0629 \u0639\u0646 \u0623\u064a \u0623\u062e\u0637\u0627\u0621 \u0646\u0627\u062a\u062c\u0629 \u0639\u0646 \u0623\u0646\u0634\u0637\u062a\u0647\u0627. \u0644\u0627 \u064a\u0645\u0643\u0646 \u062a\u062d\u0645\u064a\u0644 VOTREE \u0627\u0644\u0645\u0633\u0624\u0648\u0644\u064a\u0629 \u0639\u0646 \u0623\u064a \u0636\u0631\u0631 \u0646\u0627\u062a\u062c \u0639\u0646 \u0627\u0633\u062a\u062e\u062f\u0627\u0645 \u0627\u0644\u0645\u0648\u0642\u0639 \u0623\u0648 \u0639\u062f\u0645 \u0627\u0644\u0642\u062f\u0631\u0629 \u0639\u0644\u0649 \u0627\u0633\u062a\u062e\u062f\u0627\u0645 \u0627\u0644\u0645\u0648\u0642\u0639. \u0644\u0627 \u064a\u0645\u0643\u0646 \u0623\u0646 \u062a\u0636\u0645\u0646 VOTREE \u0648\u0635\u0648\u0644\u0627\u064b \u0622\u0645\u0646\u064b\u0627 \u0648\u062e\u0627\u0644\u064a\u064b\u0627 \u0645\u0646 \u0627\u0644\u0645\u0634\u0627\u0643\u0644 \u0648\u063a\u064a\u0631 \u0645\u0646\u0642\u0637\u0639 \u0625\u0644\u0649 \u0645\u0648\u0642\u0639 \u0627\u0644\u0648\u064a\u0628.<\/p><p><strong>\u0625\u0634\u0639\u0627\u0631 \u062d\u0642\u0648\u0642 \u0627\u0644\u0637\u0628\u0639 \u0648\u0627\u0644\u0646\u0634\u0631<\/strong><\/p><p>\u062d\u0642\u0648\u0642 \u0627\u0644\u0637\u0628\u0639 \u0648\u0627\u0644\u0646\u0634\u0631 \u0641\u064a \u0627\u0644\u0645\u0633\u062a\u0646\u062f\u0627\u062a (\u0628\u0645\u0627 \u0641\u064a \u0630\u0644\u0643\u060c \u0639\u0644\u0649 \u0633\u0628\u064a\u0644 \u0627\u0644\u0645\u062b\u0627\u0644 \u0644\u0627 \u0627\u0644\u062d\u0635\u0631\u060c \u0627\u0644\u0639\u0644\u0627\u0645\u0627\u062a \u0627\u0644\u062a\u062c\u0627\u0631\u064a\u0629 \u0644\u0634\u0631\u0643\u0629 VOTREE \u0648\u0627\u0644\u0634\u0639\u0627\u0631\u0627\u062a \u0648\u0627\u0644\u0631\u0633\u0648\u0645\u0627\u062a \u0648\u0627\u0644\u0646\u0635\u0648\u0635 \u0648\u0627\u0644\u0635\u0648\u0631 \u0648\u0627\u0644\u062a\u0635\u0645\u064a\u0645\u0627\u062a \u0648\u0627\u0644\u0634\u0639\u0627\u0631\u0627\u062a \u0648\u0627\u0644\u0623\u064a\u0642\u0648\u0646\u0627\u062a \u0648\u0627\u0644\u0635\u0648\u0631 \u0648\u0627\u0644\u0628\u064a\u0627\u0646\u0627\u062a \u0648\u0627\u0644\u0628\u0631\u0627\u0645\u062c) \u0627\u0644\u0645\u0642\u062f\u0645\u0629 \u0641\u064a \u0645\u0648\u0642\u0639 \u0627\u0644\u0648\u064a\u0628 \u0647\u0630\u0627 \u0645\u0645\u0644\u0648\u0643\u0629 \u0623\u0648 \u0645\u0631\u062e\u0635\u0629 \u0644\u0634\u0631\u0643\u0629 VOTREE \u0648\u0627\u0644\u0634\u0631\u0643\u0627\u062a \u0627\u0644\u062a\u0627\u0628\u0639\u0629 \u0644\u0647\u0627 . \u0642\u062f \u062a\u062a\u0645 \u0627\u0644\u0625\u0634\u0627\u0631\u0629 \u0625\u0644\u0649 VOTREE \u0641\u064a \u0627\u0644\u0634\u0631\u0648\u0637 \u0648\u0627\u0644\u0623\u062d\u0643\u0627\u0645 \u0628\u0636\u0645\u064a\u0631 \u0627\u0644\u0645\u062e\u0627\u0637\u0628 \"\u0646\u062d\u0646\" \u0623\u0648 \"\u0646\u062d\u0646\". \u064a\u062d\u0642 \u0644\u0643 \u0627\u0633\u062a\u062e\u062f\u0627\u0645 \u0647\u0630\u0647 \u0627\u0644\u0645\u0648\u0627\u062f \u0641\u0642\u0637 \u0644\u0644\u0623\u063a\u0631\u0627\u0636 \u0627\u0644\u0634\u062e\u0635\u064a\u0629 \u0648\u063a\u064a\u0631 \u0627\u0644\u062a\u062c\u0627\u0631\u064a\u0629. \u064a\u062c\u0648\u0632 \u0644\u0643 \u062a\u0646\u0632\u064a\u0644 \u0646\u0633\u062e \u0645\u0646 \u0647\u0630\u0647 \u0627\u0644\u0645\u0648\u0627\u062f \u0648\u0637\u0628\u0627\u0639\u062a\u0647\u0627 \u0648\u062a\u062e\u0632\u064a\u0646\u0647\u0627 \u0644\u0627\u0633\u062a\u062e\u062f\u0627\u0645\u0643 \u0627\u0644\u0634\u062e\u0635\u064a \u0648\u063a\u064a\u0631 \u0627\u0644\u062a\u062c\u0627\u0631\u064a\u060c \u0628\u0634\u0631\u0637 \u062a\u0636\u0645\u064a\u0646 \u0625\u0634\u0639\u0627\u0631 \u0625\u0630\u0646 \u062d\u0642\u0648\u0642 \u0627\u0644\u0637\u0628\u0639 \u0648\u0627\u0644\u0646\u0634\u0631 \u0647\u0630\u0627 \u0641\u064a \u062c\u0645\u064a\u0639 \u0647\u0630\u0647 \u0627\u0644\u0646\u0633\u062e. \u0644\u0627 \u064a\u062c\u0648\u0632 \u0644\u0643 \u0641\u0631\u0636 \u0631\u0633\u0648\u0645 \u0639\u0644\u0649 \u0623\u064a \u0634\u062e\u0635 \u0645\u0642\u0627\u0628\u0644 \u0627\u0633\u062a\u062e\u062f\u0627\u0645 \u0627\u0644\u0645\u0648\u0627\u062f\u060c \u0648\u0644\u0627 \u064a\u062c\u0648\u0632 \u0644\u0643 \u0646\u0634\u0631 \u0627\u0644\u0645\u0648\u0627\u062f \u0623\u0648 \u0625\u0639\u0627\u062f\u0629 \u0625\u0631\u0633\u0627\u0644\u0647\u0627 \u0623\u0648 \u062a\u0648\u0632\u064a\u0639\u0647\u0627 \u0628\u0637\u0631\u064a\u0642\u0629 \u0623\u062e\u0631\u0649 \u0639\u0644\u0649 \u0627\u0644\u0622\u062e\u0631\u064a\u0646 \u062f\u0648\u0646 \u0645\u0648\u0627\u0641\u0642\u0629 \u0643\u062a\u0627\u0628\u064a\u0629 \u0645\u0633\u0628\u0642\u0629 \u0645\u0646 VOTREE. \u0644\u0627 \u064a\u062c\u0648\u0632 \u0644\u0643 \u062a\u0639\u062f\u064a\u0644 \u0627\u0644\u0645\u0627\u062f\u0629 \u0628\u0623\u064a \u0634\u0643\u0644 \u0645\u0646 \u0627\u0644\u0623\u0634\u0643\u0627\u0644\u060c \u062f\u0648\u0646 \u0627\u0644\u062d\u0635\u0648\u0644 \u0639\u0644\u0649 \u0625\u0630\u0646 \u0643\u062a\u0627\u0628\u064a \u0645\u0633\u0628\u0642 \u0645\u0646 VOTREE. \u0628\u0627\u0633\u062a\u062b\u0646\u0627\u0621 \u0645\u0627 \u0647\u0648 \u0645\u0646\u0635\u0648\u0635 \u0639\u0644\u064a\u0647 \u0635\u0631\u0627\u062d\u0629\u064b \u0641\u064a \u0647\u0630\u0627 \u0627\u0644\u0625\u0634\u0639\u0627\u0631 \u0627\u0644\u0642\u0627\u0646\u0648\u0646\u064a\u060c \u0644\u0627 \u064a\u062a\u0645 \u0645\u0646\u062d \u0623\u0648 \u0636\u0645\u0646\u064a\u064b\u0627 \u0623\u064a \u062d\u0642\u0648\u0642 \u0623\u0648 \u062a\u0631\u0627\u062e\u064a\u0635 \u0644\u0644\u0645\u0627\u062f\u0629 \u0623\u0648 \u0623\u064a \u062c\u0632\u0621 \u0645\u0646\u0647\u0627. \u0644\u0644\u0627\u0633\u062a\u0641\u0633\u0627\u0631\u0627\u062a \u0627\u0644\u0635\u062d\u0641\u064a\u0629\u060c \u064a\u0631\u062c\u0649 \u0627\u0644\u0627\u062a\u0635\u0627\u0644 \u0628\u0646\u0627 \u0639\u0644\u0649 <a href=\"mailto:info@votree.net\">info@votree.net<\/a>.<\/p><p><strong>\u062e\u062f\u0645\u0629 \u0627\u0644\u0645\u0639\u0644\u0648\u0645\u0627\u062a<\/strong><\/p><p>VOTREE<\/p><p>KAYABA\u015eI MAH. KAYA\u015eEH\u0130R BUL. AVRUPA KONUTLARI 1. ETAP S\u0130TES\u0130 1 BLOK A G\u0130R\u0130\u015e\u0130 NO: 55EB BA\u015eAK\u015eEH\u0130R \/ \u0130STANBUL<\/p><p><a href=\"tel:905347013900\">\u00a0+90 534 701 39 00<\/a><\/p><p><a href=\"mailto:info@votree.net\">info@votree.net<\/a><\/p><p><strong>\u0627\u0644\u0639\u0644\u0627\u0645\u0627\u062a \u0627\u0644\u062a\u062c\u0627\u0631\u064a\u0629 \u0627\u0644\u0645\u0633\u062c\u0644\u0629<\/strong><\/p><p>\u062a\u0634\u0645\u0644 \u0639\u0644\u0627\u0645\u0627\u062a\u0646\u0627 \u0627\u0644\u062a\u062c\u0627\u0631\u064a\u0629 \u0627\u0644\u0645\u0633\u062c\u0644\u0629\u060c \u0645\u0646 \u0628\u064a\u0646 \u0623\u0645\u0648\u0631 \u0623\u062e\u0631\u0649\u060c \u0627\u0633\u0645 \u0648\u0634\u0639\u0627\u0631 VOTREE. \u0648\u064a\u062c\u0648\u0632 \u0627\u0633\u062a\u062e\u062f\u0627\u0645\u0647\u0627 \u0623\u0648 \u062a\u0633\u062c\u064a\u0644\u0647\u0627 \u0641\u064a \u062f\u0648\u0644\u0629 \u0648\u0627\u062d\u062f\u0629 \u0623\u0648 \u0623\u0643\u062b\u0631\u060c \u0648\u062a\u0635\u0641\u062d \u0647\u0630\u0627 \u0627\u0644\u0645\u0648\u0642\u0639 \u0644\u0627 \u064a\u0645\u0646\u062d\u0643 \u0623\u064a \u062d\u0642 \u0641\u064a \u0627\u0633\u062a\u062e\u062f\u0627\u0645\u0647\u0627.<\/p>\t\t\t\t\t\t<\/div>\n\t\t\t\t<\/div>\n\t\t\t\t\t<\/div>\n\t\t\t\t<\/div>\n\t\t\t\t<\/div>","protected":false},"excerpt":{"rendered":"<p>Terms and ConditionsLast Updated: october 21, 2024 These terms regulate all users of www.votree.net. They will be valid for all your future transactions with VOTREE and visits to www.votree.net. These conditions regulate sales of perfumes or other products by www.votree.net to private individuals. This website is destined exclusively to private individuals. The conditions of sales [&hellip;]<\/p>","protected":false},"author":1,"featured_media":0,"parent":0,"menu_order":0,"comment_status":"closed","ping_status":"closed","template":"page-full-width.php","meta":{"_acf_changed":false,"footnotes":""},"class_list":["post-5267","page","type-page","status-publish","hentry"],"acf":[],"_links":{"self":[{"href":"https:\/\/votree.net\/ar\/wp-json\/wp\/v2\/pages\/5267"}],"collection":[{"href":"https:\/\/votree.net\/ar\/wp-json\/wp\/v2\/pages"}],"about":[{"href":"https:\/\/votree.net\/ar\/wp-json\/wp\/v2\/types\/page"}],"author":[{"embeddable":true,"href":"https:\/\/votree.net\/ar\/wp-json\/wp\/v2\/users\/1"}],"replies":[{"embeddable":true,"href":"https:\/\/votree.net\/ar\/wp-json\/wp\/v2\/comments?post=5267"}],"version-history":[{"count":21,"href":"https:\/\/votree.net\/ar\/wp-json\/wp\/v2\/pages\/5267\/revisions"}],"predecessor-version":[{"id":7596,"href":"https:\/\/votree.net\/ar\/wp-json\/wp\/v2\/pages\/5267\/revisions\/7596"}],"wp:attachment":[{"href":"https:\/\/votree.net\/ar\/wp-json\/wp\/v2\/media?parent=5267"}],"curies":[{"name":"wp","href":"https:\/\/api.w.org\/{rel}","templated":true}]}}