{"id":577,"date":"2024-06-18T13:27:05","date_gmt":"2024-06-18T13:27:05","guid":{"rendered":"https:\/\/elfrida.qodeinteractive.com\/?page_id=577"},"modified":"2025-05-07T12:44:24","modified_gmt":"2025-05-07T12:44:24","slug":"about-us","status":"publish","type":"page","link":"https:\/\/votree.net\/ar\/about-us\/","title":{"rendered":"\u0645\u0646 \u0646\u062d\u0646"},"content":{"rendered":"<div data-elementor-type=\"wp-page\" data-elementor-id=\"577\" class=\"elementor elementor-577\" data-elementor-post-type=\"page\">\n\t\t\t\t<div class=\"elementor-element elementor-element-c85787a e-con-full e-flex e-con e-parent\" data-id=\"c85787a\" data-element_type=\"container\" data-settings=\"{&quot;background_background&quot;:&quot;classic&quot;}\">\n\t\t<div class=\"elementor-element elementor-element-0de23af e-con-full e-flex e-con e-child\" data-id=\"0de23af\" data-element_type=\"container\">\n\t\t\t\t<div class=\"elementor-element elementor-element-baa2bef elementor-widget elementor-widget-heading\" data-id=\"baa2bef\" data-element_type=\"widget\" data-widget_type=\"heading.default\">\n\t\t\t\t<div class=\"elementor-widget-container\">\n\t\t\t<h2 class=\"elementor-heading-title elementor-size-default\">\u0645\u0646 \u0646\u062d\u0646<\/h2>\t\t<\/div>\n\t\t\t\t<\/div>\n\t\t\t\t<div class=\"elementor-element elementor-element-d59df4c elementor-widget elementor-widget-heading\" data-id=\"d59df4c\" data-element_type=\"widget\" data-widget_type=\"heading.default\">\n\t\t\t\t<div class=\"elementor-widget-container\">\n\t\t\t<h2 class=\"elementor-heading-title elementor-size-default\">\u062f\u0639 \u0639\u0637\u0631\u0643 \u064a\u062a\u062d\u062f\u062b \u0639\u0646\u0643\u060c \u0648\u064a\u062a\u0631\u0643 \u0628\u0635\u0645\u0629 \u0644\u0627 \u062a\u064f\u0646\u0633\u0649 \u0623\u064a\u0646\u0645\u0627 \u0630\u0647\u0628\u062a \n<\/h2>\t\t<\/div>\n\t\t\t\t<\/div>\n\t\t\t\t<div class=\"elementor-element elementor-element-ddc42d6 elementor-widget elementor-widget-heading\" data-id=\"ddc42d6\" data-element_type=\"widget\" data-widget_type=\"heading.default\">\n\t\t\t\t<div class=\"elementor-widget-container\">\n\t\t\t<h2 class=\"elementor-heading-title elementor-size-default\">\u0646\u062d\u0646 \u0645\u0644\u062a\u0632\u0645\u0648\u0646 \u0628\u0627\u0628\u062a\u0643\u0627\u0631 \u0639\u0637\u0648\u0631 \u0641\u0627\u062e\u0631\u0629 \u062a\u062c\u0633\u062f \u0627\u0644\u0623\u0646\u0627\u0642\u0629 \u0648\u0627\u0644\u0631\u0642\u064a. \u0639\u0644\u0627\u0645\u062a\u0646\u0627 \u0627\u0644\u062a\u062c\u0627\u0631\u064a\u0629 \u062a\u0645\u0632\u062c \u0628\u064a\u0646 \u0627\u0644\u062a\u0631\u0627\u062b \u0627\u0644\u0639\u0637\u0631\u064a \u0627\u0644\u062a\u0642\u0644\u064a\u062f\u064a \u0648\u0627\u0644\u0627\u0628\u062a\u0643\u0627\u0631 \u0627\u0644\u062d\u062f\u064a\u062b\u060c \u0645\u0645\u0627 \u064a\u0636\u0645\u0646 \u0623\u0646 \u0643\u0644 \u0639\u0637\u0631 \u064a\u0631\u0648\u064a \u0642\u0635\u0629 \u0645\u0645\u064a\u0632\u0629 \u062a\u062a\u0646\u0627\u063a\u0645 \u0645\u0639 \u0639\u0645\u0644\u0627\u0626\u0646\u0627 \u0627\u0644\u0645\u0645\u064a\u0632\u064a\u0646.\n<\/h2>\t\t<\/div>\n\t\t\t\t<\/div>\n\t\t\t\t<\/div>\n\t\t\t\t<\/div>\n\t\t<div class=\"elementor-element elementor-element-12488af e-flex e-con-boxed e-con e-parent\" data-id=\"12488af\" data-element_type=\"container\" data-settings=\"{&quot;background_background&quot;:&quot;classic&quot;}\">\n\t\t\t\t\t<div class=\"e-con-inner\">\n\t\t<div class=\"elementor-element elementor-element-eb4e9c7 e-con-full e-flex e-con e-child\" data-id=\"eb4e9c7\" data-element_type=\"container\">\n\t\t<div class=\"elementor-element elementor-element-fc30220 e-con-full e-flex e-con e-child\" data-id=\"fc30220\" data-element_type=\"container\">\n\t\t\t\t<div class=\"elementor-element elementor-element-b383fb4 elementor-widget-tablet__width-inherit elementor-widget__width-initial elementor-widget elementor-widget-elfrida_core_single_image\" data-id=\"b383fb4\" data-element_type=\"widget\" data-widget_type=\"elfrida_core_single_image.default\">\n\t\t\t\t<div class=\"elementor-widget-container\">\n\t\t\t<div class=\"qodef-shortcode qodef-m  qodef-single-image qodef-layout--default    qodef-alignment--center qodef--has-appear qodef-appear--reveal-from-right\"  >\n\t\t\t<div class=\"qodef-m-image\">\n\t\t\t\t\t\t\t\t<img fetchpriority=\"high\" decoding=\"async\" width=\"733\" height=\"733\" src=\"https:\/\/votree.net\/wp-content\/uploads\/2024\/10\/Ellipse-1-4.png\" class=\"attachment-full size-full\" alt=\"\" srcset=\"https:\/\/votree.net\/wp-content\/uploads\/2024\/10\/Ellipse-1-4.png 733w, https:\/\/votree.net\/wp-content\/uploads\/2024\/10\/Ellipse-1-4-300x300.png 300w, https:\/\/votree.net\/wp-content\/uploads\/2024\/10\/Ellipse-1-4-150x150.png 150w, https:\/\/votree.net\/wp-content\/uploads\/2024\/10\/Ellipse-1-4-650x650.png 650w, https:\/\/votree.net\/wp-content\/uploads\/2024\/10\/Ellipse-1-4-600x600.png 600w, https:\/\/votree.net\/wp-content\/uploads\/2024\/10\/Ellipse-1-4-100x100.png 100w\" sizes=\"(max-width: 733px) 100vw, 733px\" \/>\t\t\t\t\t\t\t<\/div>\n\t<\/div>\n\t\t<\/div>\n\t\t\t\t<\/div>\n\t\t\t\t<\/div>\n\t\t<div class=\"elementor-element elementor-element-36d82af e-con-full e-flex e-con e-child\" data-id=\"36d82af\" data-element_type=\"container\">\n\t\t\t\t<div class=\"elementor-element elementor-element-b1f28a6 elementor-widget__width-initial elementor-widget-tablet__width-initial elementor-widget-mobile__width-inherit elementor-widget elementor-widget-elfrida_core_info_section\" data-id=\"b1f28a6\" data-element_type=\"widget\" data-widget_type=\"elfrida_core_info_section.default\">\n\t\t\t\t<div class=\"elementor-widget-container\">\n\t\t\t<div class=\"qodef-shortcode qodef-m  qodef-info-section qodef-layout--background-text  qodef-background-text-pos--top-left\">\n\t<div class=\"qodef-m-background-text qodef--has-appear\">\n\t\t\t<span class=\"qodef-m-background-text-text\" style=\"color: #999898\" >\n\t\t<span class=\"qodef--word\" data-word=\"Elegance\"><span class=\"qode--char\" style=\"--qode-i:0\">E<\/span><span class=\"qode--char\" style=\"--qode-i:1\">l<\/span><span class=\"qode--char\" style=\"--qode-i:2\">e<\/span><span class=\"qode--char\" style=\"--qode-i:3\">g<\/span><span class=\"qode--char\" style=\"--qode-i:4\">a<\/span><span class=\"qode--char\" style=\"--qode-i:5\">n<\/span><span class=\"qode--char\" style=\"--qode-i:6\">c<\/span><span class=\"qode--char\" style=\"--qode-i:7\">e<\/span><\/span>\t<\/span>\n\t<\/div>\n\t<div class=\"qodef-m-info\">\n\t\t\t<h3 class=\"qodef-m-title\" style=\"color: #FFFFFF\">\n\t\t\u0637\u0645\u0648\u062d\u0646\u0627 \u0647\u0648 \u0623\u0646 \u0646\u0635\u0646\u0639 \u0627\u0644\u0641\u0631\u0642 \u0641\u064a \u0639\u0627\u0644\u0645 \u0627\u0644\u0639\u0637\u0648\u0631 \u0627\u0644\u0641\u0627\u062e\u0631\u0629\u060c \u0645\u0639\u0631\u0648\u0641\u064a\u0646 \u0628\u0627\u0644\u0623\u0646\u0627\u0642\u0629 \u0648\u0627\u0644\u062c\u0648\u062f\u0629 \u0627\u0644\u0639\u0627\u0644\u064a\u0629.\t<\/h3>\n\t\t\t<p class=\"qodef-m-text\" style=\"color: #FFFFFF\">\u0646\u062d\u062a\u0641\u0644 \u0628\u0627\u0644\u062a\u0641\u0631\u062f \u0645\u0646 \u062e\u0644\u0627\u0644 \u0639\u0637\u0648\u0631\u0646\u0627\u060c \u0645\u0633\u062a\u063a\u0644\u064a\u0646 \u0642\u0648\u0629 \u0627\u0644\u0639\u0637\u0631 \u0641\u064a \u0625\u062b\u0627\u0631\u0629 \u0627\u0644\u0645\u0634\u0627\u0639\u0631 \u0648\u062e\u0644\u0642 \u0630\u0643\u0631\u064a\u0627\u062a \u062a\u062f\u0648\u0645. \u0633\u0639\u064a\u0646\u0627 \u0627\u0644\u0645\u0633\u062a\u0645\u0631 \u0646\u062d\u0648 \u0627\u0644\u062a\u0645\u064a\u0632 \u064a\u062c\u0639\u0644\u0646\u0627 \u0646\u062e\u062a\u0627\u0631 \u0623\u0641\u0636\u0644 \u0627\u0644\u0645\u0643\u0648\u0646\u0627\u062a \u0628\u0639\u0646\u0627\u064a\u0629\u060c \u0644\u0636\u0645\u0627\u0646 \u0623\u0646 \u062a\u0639\u0643\u0633 \u0643\u0644 \u0632\u062c\u0627\u062c\u0629 \u062c\u0648\u0647\u0631 \u0627\u0644\u0641\u062e\u0627\u0645\u0629 \u0627\u0644\u062d\u0642\u064a\u0642\u064a\u0629.\n<\/p>\n\t\t\t<div class=\"qodef-m-button\">\n\t\t\t<a class=\"qodef-shortcode qodef-m  qodef-button qodef-layout--filled  qodef-html--link\" href=\"https:\/\/votree.net\/ar\/contact-us\/\" target=\"_self\" style=\"--qode-button-bg-color: #A1907800;--qode-button-border-color: #FFFFFF;padding: 11.5px 57px\">\t\t<span class=\"qodef-m-text\">\u062a\u0648\u0627\u0635\u0644 \u0645\u0639\u0646\u0627<\/span>\t<\/a>\t\t<\/div>\n\t<\/div>\n<\/div>\n\t\t<\/div>\n\t\t\t\t<\/div>\n\t\t\t\t<\/div>\n\t\t\t\t<\/div>\n\t\t\t\t<div class=\"elementor-element elementor-element-7ac1f7f elementor-absolute elementor-view-default elementor-widget elementor-widget-icon\" data-id=\"7ac1f7f\" data-element_type=\"widget\" data-settings=\"{&quot;_position&quot;:&quot;absolute&quot;}\" data-widget_type=\"icon.default\">\n\t\t\t\t<div class=\"elementor-widget-container\">\n\t\t\t\t\t<div class=\"elementor-icon-wrapper\">\n\t\t\t<div class=\"elementor-icon\">\n\t\t\t<svg xmlns=\"http:\/\/www.w3.org\/2000\/svg\" width=\"87\" height=\"29\" viewbox=\"0 0 87 29\" fill=\"none\"><path d=\"M85.7825 12.8095C81.8519 11.5023 78.3678 9.10495 75.7221 5.89006L75.4525 5.56218C73.9022 3.67583 71.0416 3.67583 69.4913 5.56218L69.2217 5.89006C67.6292 7.82751 65.8682 9.61166 63.9514 11.217L62.8897 12.1069C62.2999 12.6009 61.4911 12.7371 60.7749 12.4561C55.7363 10.4888 51.2749 7.2484 47.8203 3.04988L46.4806 1.41476C44.9303 -0.471588 42.0697 -0.471588 40.5194 1.41476L39.1797 3.04988L39.1165 3.12653C35.7041 7.27395 31.2974 10.4718 26.3178 12.4178L26.2251 12.4518C25.5089 12.7329 24.7001 12.5966 24.1103 12.1027L23.0486 11.2127C21.1318 9.60316 19.3666 7.82325 17.7783 5.8858L17.5087 5.55793C15.9584 3.67158 13.0978 3.67158 11.5475 5.55793L11.2778 5.8858C8.63217 9.10069 5.14812 11.498 1.21751 12.8053H1.21331C-0.404436 13.346 -0.404436 15.6582 1.21331 16.1947C5.14392 17.502 8.63217 19.8993 11.2778 23.1142L11.5475 23.4421C13.0978 25.3284 15.9584 25.3284 17.5087 23.4421L17.7783 23.1142C19.3708 21.1767 21.1318 19.3926 23.0486 17.7873L24.1103 16.8973C24.7001 16.4034 25.5089 16.2671 26.2251 16.5482L26.3178 16.5822C31.2974 18.5282 35.6999 21.7261 39.1165 25.8735L39.1797 25.9501L40.5194 27.5852C42.0697 29.4716 44.9303 29.4716 46.4806 27.5852L47.8203 25.9501C51.2749 21.7516 55.7321 18.5154 60.7749 16.5439C61.4911 16.2629 62.2999 16.3991 62.8897 16.8931L63.9514 17.783C65.8682 19.3926 67.6334 21.1768 69.2217 23.1099L69.4913 23.4378C71.0416 25.3242 73.9022 25.3242 75.4525 23.4378L75.7221 23.1099C78.3678 19.8951 81.8561 17.4935 85.7867 16.1905C87.4044 15.654 87.4044 13.3418 85.7867 12.8053H85.7825V12.8095Z\" fill=\"#1F396B\"><\/path><\/svg>\t\t\t<\/div>\n\t\t<\/div>\n\t\t\t\t<\/div>\n\t\t\t\t<\/div>\n\t\t\t\t<div class=\"elementor-element elementor-element-dcf0ee2 elementor-absolute elementor-view-default elementor-widget elementor-widget-icon\" data-id=\"dcf0ee2\" data-element_type=\"widget\" data-settings=\"{&quot;_position&quot;:&quot;absolute&quot;}\" data-widget_type=\"icon.default\">\n\t\t\t\t<div class=\"elementor-widget-container\">\n\t\t\t\t\t<div class=\"elementor-icon-wrapper\">\n\t\t\t<div class=\"elementor-icon\">\n\t\t\t<svg xmlns=\"http:\/\/www.w3.org\/2000\/svg\" width=\"87\" height=\"29\" viewbox=\"0 0 87 29\" fill=\"none\"><path d=\"M85.7825 12.8095C81.8519 11.5023 78.3678 9.10495 75.7221 5.89006L75.4525 5.56218C73.9022 3.67583 71.0416 3.67583 69.4913 5.56218L69.2217 5.89006C67.6292 7.82751 65.8682 9.61166 63.9514 11.217L62.8897 12.1069C62.2999 12.6009 61.4911 12.7371 60.7749 12.4561C55.7363 10.4888 51.2749 7.2484 47.8203 3.04988L46.4806 1.41476C44.9303 -0.471588 42.0697 -0.471588 40.5194 1.41476L39.1797 3.04988L39.1165 3.12653C35.7041 7.27395 31.2974 10.4718 26.3178 12.4178L26.2251 12.4518C25.5089 12.7329 24.7001 12.5966 24.1103 12.1027L23.0486 11.2127C21.1318 9.60316 19.3666 7.82325 17.7783 5.8858L17.5087 5.55793C15.9584 3.67158 13.0978 3.67158 11.5475 5.55793L11.2778 5.8858C8.63217 9.10069 5.14812 11.498 1.21751 12.8053H1.21331C-0.404436 13.346 -0.404436 15.6582 1.21331 16.1947C5.14392 17.502 8.63217 19.8993 11.2778 23.1142L11.5475 23.4421C13.0978 25.3284 15.9584 25.3284 17.5087 23.4421L17.7783 23.1142C19.3708 21.1767 21.1318 19.3926 23.0486 17.7873L24.1103 16.8973C24.7001 16.4034 25.5089 16.2671 26.2251 16.5482L26.3178 16.5822C31.2974 18.5282 35.6999 21.7261 39.1165 25.8735L39.1797 25.9501L40.5194 27.5852C42.0697 29.4716 44.9303 29.4716 46.4806 27.5852L47.8203 25.9501C51.2749 21.7516 55.7321 18.5154 60.7749 16.5439C61.4911 16.2629 62.2999 16.3991 62.8897 16.8931L63.9514 17.783C65.8682 19.3926 67.6334 21.1768 69.2217 23.1099L69.4913 23.4378C71.0416 25.3242 73.9022 25.3242 75.4525 23.4378L75.7221 23.1099C78.3678 19.8951 81.8561 17.4935 85.7867 16.1905C87.4044 15.654 87.4044 13.3418 85.7867 12.8053H85.7825V12.8095Z\" fill=\"#1F396B\"><\/path><\/svg>\t\t\t<\/div>\n\t\t<\/div>\n\t\t\t\t<\/div>\n\t\t\t\t<\/div>\n\t\t\t\t\t<\/div>\n\t\t\t\t<\/div>\n\t\t<div class=\"elementor-element elementor-element-7ef5770 e-con-full e-flex e-con e-parent\" data-id=\"7ef5770\" data-element_type=\"container\" data-settings=\"{&quot;background_background&quot;:&quot;classic&quot;}\">\n\t\t<div class=\"elementor-element elementor-element-a962e03 e-con-full e-flex e-con e-child\" data-id=\"a962e03\" data-element_type=\"container\">\n\t\t<div class=\"elementor-element elementor-element-bc81dba e-con-full e-flex e-con e-child\" data-id=\"bc81dba\" data-element_type=\"container\">\n\t\t\t\t<div class=\"elementor-element elementor-element-e1a2bf2 elementor-widget__width-initial elementor-widget elementor-widget-text-editor\" data-id=\"e1a2bf2\" data-element_type=\"widget\" data-widget_type=\"text-editor.default\">\n\t\t\t\t<div class=\"elementor-widget-container\">\n\t\t\t\t\t\t\t<blockquote><p><span style=\"font-weight: 400;\">\u062a\u062a\u0637\u0644\u0628 \u0635\u0646\u0627\u0639\u0629 \u0627\u0644\u0639\u0637\u0648\u0631 \u0627\u0644\u0641\u0627\u062e\u0631\u0629 \u0627\u0644\u0627\u0647\u062a\u0645\u0627\u0645 \u0628\u0643\u0644 \u0627\u0644\u062a\u0641\u0627\u0635\u064a\u0644\u060c \u0628\u062f\u0621\u064b\u0627 \u0645\u0646 \u0627\u062e\u062a\u064a\u0627\u0631 \u0627\u0644\u0645\u0643\u0648\u0646\u0627\u062a \u0639\u0627\u0644\u064a\u0629 \u0627\u0644\u062c\u0648\u062f\u0629 \u0648\u062d\u062a\u0649 \u0636\u0645\u0627\u0646 \u0627\u0644\u062d\u0635\u0648\u0644 \u0639\u0644\u0649 \u0645\u0646\u062a\u062c \u0646\u0647\u0627\u0626\u064a \u0645\u062a\u0637\u0648\u0631. \u062a\u062a\u0645 \u0645\u0631\u0627\u0642\u0628\u0629 \u0643\u0644 \u0645\u0631\u062d\u0644\u0629 \u0645\u0646 \u0645\u0631\u0627\u062d\u0644 \u0627\u0644\u0639\u0645\u0644\u064a\u0629 \u0628\u0639\u0646\u0627\u064a\u0629 \u0644\u0644\u062d\u0641\u0627\u0638 \u0639\u0644\u0649 \u0645\u0639\u0627\u064a\u064a\u0631 \u0627\u0644\u062c\u0648\u062f\u0629 \u0648\u062e\u0644\u0642 \u0631\u0648\u0627\u0626\u062d \u0641\u0627\u062e\u0631\u0629 \u062a\u062f\u0648\u0645 \u0637\u0648\u064a\u0644\u0627\u064b.<\/span><\/p><\/blockquote>\t\t\t\t\t\t<\/div>\n\t\t\t\t<\/div>\n\t\t\t\t<\/div>\n\t\t\t\t<\/div>\n\t\t<div class=\"elementor-element elementor-element-a0556ec e-con-full qodef--custom-appear qodef-appear--reveal-from-left e-flex e-con e-child\" data-id=\"a0556ec\" data-element_type=\"container\" data-settings=\"{&quot;background_background&quot;:&quot;classic&quot;}\">\n\t\t\t\t<div class=\"elementor-element elementor-element-6288c95 elementor-widget elementor-widget-spacer\" data-id=\"6288c95\" data-element_type=\"widget\" data-widget_type=\"spacer.default\">\n\t\t\t\t<div class=\"elementor-widget-container\">\n\t\t\t\t\t<div class=\"elementor-spacer\">\n\t\t\t<div class=\"elementor-spacer-inner\"><\/div>\n\t\t<\/div>\n\t\t\t\t<\/div>\n\t\t\t\t<\/div>\n\t\t\t\t<\/div>\n\t\t\t\t<\/div>\n\t\t<div class=\"elementor-element elementor-element-121f82b e-con-full e-flex e-con e-parent\" data-id=\"121f82b\" data-element_type=\"container\" data-settings=\"{&quot;background_background&quot;:&quot;classic&quot;}\">\n\t\t<div class=\"elementor-element elementor-element-4de8209 e-con-full e-flex e-con e-child\" data-id=\"4de8209\" data-element_type=\"container\">\n\t\t<div class=\"elementor-element elementor-element-669dae7 e-con-full e-flex e-con e-child\" data-id=\"669dae7\" data-element_type=\"container\">\n\t\t\t\t<div class=\"elementor-element elementor-element-43f3e2d elementor-widget elementor-widget-image\" data-id=\"43f3e2d\" data-element_type=\"widget\" data-widget_type=\"image.default\">\n\t\t\t\t<div class=\"elementor-widget-container\">\n\t\t\t\t\t\t\t\t\t\t\t\t\t<img decoding=\"async\" width=\"893\" height=\"582\" src=\"https:\/\/votree.net\/wp-content\/uploads\/2024\/09\/Group-28.png\" class=\"attachment-full size-full wp-image-6305\" alt=\"\" srcset=\"https:\/\/votree.net\/wp-content\/uploads\/2024\/09\/Group-28.png 893w, https:\/\/votree.net\/wp-content\/uploads\/2024\/09\/Group-28-300x196.png 300w, https:\/\/votree.net\/wp-content\/uploads\/2024\/09\/Group-28-768x501.png 768w, https:\/\/votree.net\/wp-content\/uploads\/2024\/09\/Group-28-600x391.png 600w\" sizes=\"(max-width: 893px) 100vw, 893px\" \/>\t\t\t\t\t\t\t\t\t\t\t\t\t<\/div>\n\t\t\t\t<\/div>\n\t\t\t\t<\/div>\n\t\t<div class=\"elementor-element elementor-element-9829f97 e-con-full e-flex e-con e-child\" data-id=\"9829f97\" data-element_type=\"container\">\n\t\t<div class=\"elementor-element elementor-element-1ff84f8 e-con-full e-flex e-con e-child\" data-id=\"1ff84f8\" data-element_type=\"container\">\n\t\t\t\t<div class=\"elementor-element elementor-element-037f250 elementor-widget elementor-widget-heading\" data-id=\"037f250\" data-element_type=\"widget\" data-widget_type=\"heading.default\">\n\t\t\t\t<div class=\"elementor-widget-container\">\n\t\t\t<h2 class=\"elementor-heading-title elementor-size-default\">\u0646\u062d\u0646 \u0645\u0648\u062c\u0648\u062f\u0648\u0646 \u0641\u064a<\/h2>\t\t<\/div>\n\t\t\t\t<\/div>\n\t\t\t\t<\/div>\n\t\t<div class=\"elementor-element elementor-element-9d95990 e-con-full e-flex e-con e-child\" data-id=\"9d95990\" data-element_type=\"container\">\n\t\t<div class=\"elementor-element elementor-element-64893bf e-con-full e-flex e-con e-child\" data-id=\"64893bf\" data-element_type=\"container\">\n\t\t<div class=\"elementor-element elementor-element-f59cd41 e-con-full e-flex e-con e-child\" data-id=\"f59cd41\" data-element_type=\"container\">\n\t\t\t\t<div class=\"elementor-element elementor-element-5959a99 elementor-widget elementor-widget-heading\" data-id=\"5959a99\" data-element_type=\"widget\" data-widget_type=\"heading.default\">\n\t\t\t\t<div class=\"elementor-widget-container\">\n\t\t\t<h2 class=\"elementor-heading-title elementor-size-default\">\u062a\u0631\u0643\u064a\u0627 - \u0627\u0633\u0637\u0646\u0628\u0648\u0644<\/h2>\t\t<\/div>\n\t\t\t\t<\/div>\n\t\t\t\t<\/div>\n\t\t<div class=\"elementor-element elementor-element-1bd8a31 e-con-full e-flex e-con e-child\" data-id=\"1bd8a31\" data-element_type=\"container\">\n\t\t<div class=\"elementor-element elementor-element-6d74844 e-con-full e-flex e-con e-child\" data-id=\"6d74844\" data-element_type=\"container\">\n\t\t\t\t<div class=\"elementor-element elementor-element-5038fad elementor-position-left elementor-vertical-align-middle elementor-view-default elementor-vertical-align-top elementor-widget elementor-widget-icon-box\" data-id=\"5038fad\" data-element_type=\"widget\" data-widget_type=\"icon-box.default\">\n\t\t\t\t<div class=\"elementor-widget-container\">\n\t\t\t\t\t<div class=\"elementor-icon-box-wrapper\">\n\n\t\t\t\t\t\t<div class=\"elementor-icon-box-icon\">\n\t\t\t\t<span  class=\"elementor-icon elementor-animation-\">\n\t\t\t\t<svg xmlns=\"http:\/\/www.w3.org\/2000\/svg\" width=\"40\" height=\"40\" viewbox=\"0 0 40 40\" fill=\"none\"><circle cx=\"20\" cy=\"20\" r=\"20\" fill=\"#A57951\"><\/circle><g clip-path=\"url(#clip0_177_681)\"><path d=\"M20 22.3333C21.933 22.3333 23.5 20.7663 23.5 18.8333C23.5 16.9003 21.933 15.3333 20 15.3333C18.0669 15.3333 16.5 16.9003 16.5 18.8333C16.5 20.7663 18.0669 22.3333 20 22.3333Z\" stroke=\"white\" stroke-linecap=\"round\" stroke-linejoin=\"round\"><\/path><path d=\"M20 32.5C25.1547 30.1667 29.3346 23.988 29.3346 18.8333C29.3346 13.6787 25.156 9.5 20.0013 9.5C14.8466 9.5 10.668 13.6787 10.668 18.8333C10.668 23.988 14.8453 30.1667 20 32.5Z\" stroke=\"white\" stroke-linecap=\"round\" stroke-linejoin=\"round\"><\/path><\/g><defs><clippath id=\"clip0_177_681\"><rect width=\"28\" height=\"28\" fill=\"white\" transform=\"translate(6 6)\"><\/rect><\/clippath><\/defs><\/svg>\t\t\t\t<\/span>\n\t\t\t<\/div>\n\t\t\t\n\t\t\t\t\t\t<div class=\"elementor-icon-box-content\">\n\n\t\t\t\t\t\t\t\t\t<h3 class=\"elementor-icon-box-title\">\n\t\t\t\t\t\t<span  >\n\t\t\t\t\t\t\tKAYABA\u015eI MAH. KAYA\u015eEH\u0130R BUL. AVRUPA KONUTLARI 1. ETAP S\u0130TES\u0130 1 BLOK A G\u0130R\u0130\u015e\u0130 NO: 55EB BA\u015eAK\u015eEH\u0130R \/ \u0130STANBUL\t\t\t\t\t\t<\/span>\n\t\t\t\t\t<\/h3>\n\t\t\t\t\n\t\t\t\t\n\t\t\t<\/div>\n\t\t\t\n\t\t<\/div>\n\t\t\t\t<\/div>\n\t\t\t\t<\/div>\n\t\t\t\t<\/div>\n\t\t\t\t<\/div>\n\t\t\t\t<\/div>\n\t\t\t\t<\/div>\n\t\t<div class=\"elementor-element elementor-element-7f3ae7a e-con-full e-flex e-con e-child\" data-id=\"7f3ae7a\" data-element_type=\"container\">\n\t\t<div class=\"elementor-element elementor-element-703a1ad e-con-full e-flex e-con e-child\" data-id=\"703a1ad\" data-element_type=\"container\">\n\t\t<div class=\"elementor-element elementor-element-010a8c1 e-con-full e-flex e-con e-child\" data-id=\"010a8c1\" data-element_type=\"container\">\n\t\t\t\t<div class=\"elementor-element elementor-element-5405ac4 elementor-widget elementor-widget-heading\" data-id=\"5405ac4\" data-element_type=\"widget\" data-widget_type=\"heading.default\">\n\t\t\t\t<div class=\"elementor-widget-container\">\n\t\t\t<h2 class=\"elementor-heading-title elementor-size-default\">\u0633\u0648\u0631\u064a\u0627 - \u062d\u0644\u0628<\/h2>\t\t<\/div>\n\t\t\t\t<\/div>\n\t\t\t\t<\/div>\n\t\t<div class=\"elementor-element elementor-element-1d5fba9 e-con-full e-flex e-con e-child\" data-id=\"1d5fba9\" data-element_type=\"container\">\n\t\t<div class=\"elementor-element elementor-element-e9b62b4 e-con-full e-flex e-con e-child\" data-id=\"e9b62b4\" data-element_type=\"container\">\n\t\t\t\t<div class=\"elementor-element elementor-element-c1a5206 elementor-position-left elementor-vertical-align-middle elementor-vertical-align-middle elementor-view-default elementor-widget elementor-widget-icon-box\" data-id=\"c1a5206\" data-element_type=\"widget\" data-widget_type=\"icon-box.default\">\n\t\t\t\t<div class=\"elementor-widget-container\">\n\t\t\t\t\t<div class=\"elementor-icon-box-wrapper\">\n\n\t\t\t\t\t\t<div class=\"elementor-icon-box-icon\">\n\t\t\t\t<span  class=\"elementor-icon elementor-animation-\">\n\t\t\t\t<svg xmlns=\"http:\/\/www.w3.org\/2000\/svg\" width=\"40\" height=\"40\" viewbox=\"0 0 40 40\" fill=\"none\"><circle cx=\"20\" cy=\"20\" r=\"20\" fill=\"#A57951\"><\/circle><g clip-path=\"url(#clip0_177_681)\"><path d=\"M20 22.3333C21.933 22.3333 23.5 20.7663 23.5 18.8333C23.5 16.9003 21.933 15.3333 20 15.3333C18.0669 15.3333 16.5 16.9003 16.5 18.8333C16.5 20.7663 18.0669 22.3333 20 22.3333Z\" stroke=\"white\" stroke-linecap=\"round\" stroke-linejoin=\"round\"><\/path><path d=\"M20 32.5C25.1547 30.1667 29.3346 23.988 29.3346 18.8333C29.3346 13.6787 25.156 9.5 20.0013 9.5C14.8466 9.5 10.668 13.6787 10.668 18.8333C10.668 23.988 14.8453 30.1667 20 32.5Z\" stroke=\"white\" stroke-linecap=\"round\" stroke-linejoin=\"round\"><\/path><\/g><defs><clippath id=\"clip0_177_681\"><rect width=\"28\" height=\"28\" fill=\"white\" transform=\"translate(6 6)\"><\/rect><\/clippath><\/defs><\/svg>\t\t\t\t<\/span>\n\t\t\t<\/div>\n\t\t\t\n\t\t\t\t\t\t<div class=\"elementor-icon-box-content\">\n\n\t\t\t\t\t\t\t\t\t<h3 class=\"elementor-icon-box-title\">\n\t\t\t\t\t\t<span  >\n\t\t\t\t\t\t\t\u0627\u0639\u0632\u0627\u0632 \u0645\u0648\u0644 \u0627\u0644\u0634\u0648\u0627 \u0633\u0648\u0631\u064a\u0627\t\t\t\t\t\t<\/span>\n\t\t\t\t\t<\/h3>\n\t\t\t\t\n\t\t\t\t\n\t\t\t<\/div>\n\t\t\t\n\t\t<\/div>\n\t\t\t\t<\/div>\n\t\t\t\t<\/div>\n\t\t\t\t<\/div>\n\t\t\t\t<\/div>\n\t\t\t\t<\/div>\n\t\t\t\t<\/div>\n\t\t\t\t<\/div>\n\t\t\t\t<\/div>\n\t\t\t\t<\/div>\n\t\t\t\t<\/div>","protected":false},"excerpt":{"rendered":"<p>ABOUT US A unique ability to evoke cherished memories and emotions. We are dedicated to crafting luxurious scents that embody elegance and sophistication. Our brand fuses traditional aromatic heritage with modern innovation, ensuring each fragrance tells a distinct story that resonates with our discerning customers. Elegance Our ambition is to establish ourselves as a premier [&hellip;]<\/p>","protected":false},"author":1,"featured_media":0,"parent":0,"menu_order":0,"comment_status":"closed","ping_status":"closed","template":"page-full-width.php","meta":{"_acf_changed":false,"footnotes":""},"class_list":["post-577","page","type-page","status-publish","hentry"],"acf":[],"_links":{"self":[{"href":"https:\/\/votree.net\/ar\/wp-json\/wp\/v2\/pages\/577"}],"collection":[{"href":"https:\/\/votree.net\/ar\/wp-json\/wp\/v2\/pages"}],"about":[{"href":"https:\/\/votree.net\/ar\/wp-json\/wp\/v2\/types\/page"}],"author":[{"embeddable":true,"href":"https:\/\/votree.net\/ar\/wp-json\/wp\/v2\/users\/1"}],"replies":[{"embeddable":true,"href":"https:\/\/votree.net\/ar\/wp-json\/wp\/v2\/comments?post=577"}],"version-history":[{"count":105,"href":"https:\/\/votree.net\/ar\/wp-json\/wp\/v2\/pages\/577\/revisions"}],"predecessor-version":[{"id":7590,"href":"https:\/\/votree.net\/ar\/wp-json\/wp\/v2\/pages\/577\/revisions\/7590"}],"wp:attachment":[{"href":"https:\/\/votree.net\/ar\/wp-json\/wp\/v2\/media?parent=577"}],"curies":[{"name":"wp","href":"https:\/\/api.w.org\/{rel}","templated":true}]}}